{"id":752,"date":"2016-04-26T15:45:24","date_gmt":"2016-04-26T13:45:24","guid":{"rendered":"http:\/\/www.cahiers-antispecistes.org\/?page_id=752&#038;lang=it"},"modified":"2016-04-26T15:45:24","modified_gmt":"2016-04-26T13:45:24","slug":"presentazione-della-rivista","status":"publish","type":"page","link":"https:\/\/www.cahiers-antispecistes.org\/it\/presentazione-della-rivista\/","title":{"rendered":"Presentazione della rivista"},"content":{"rendered":"<div class=\"texte\" dir=\"ltr\">\n<p>I <i>Cahiers antisp\u00e9cistes<\/i> sono una rivista fondata nel 1991, il cui scopo \u00e8 mettere in discussione lo specismo ed esplorare le implicazioni scientifiche, culturali e politiche di questa impresa.<\/p>\n<p>I <i>Cahiers antisp\u00e9cistes<\/i> propongono in particolare:<\/p>\n<ul>\n<li>articoli di filosofia morale che rendono conto di una molteplicit\u00e0 di approcci teorici in merito alla questione animale;<\/li>\n<li>analisi dello specismo fondate su diverse discipline (psicologia, sociologia, filosofia, etologia, biologia, etc.);<\/li>\n<li>analisi dei nessi dello specismo con le discriminiazioni intra -umane come il sessismo, il razzismo o l\u2019adultismo;<\/li>\n<li>una riflessione sugli altri campi in cui la questione animale rappresenta un elemento fondamentale (soggettivit\u00e0 animale, tassonomia, bioetica, etc.);<\/li>\n<li>recensioni di libri che affrontano l\u2019argomento;<\/li>\n<li>dibattiti tra punti di vista opposti rispetto alla stategia antispecista;<\/li>\n<li>informazioni sulle attivit\u00e0 dei gruppi militanti in Francia e all\u2019estero;<\/li>\n<li>risposte alle critiche che hanno per oggetto l\u2019antispecismo.<\/li>\n<\/ul>\n<h2>Il progetto dei <i>Cahiers antisp\u00e9cistes<\/i><\/h2>\n<p>Il progetto dei <i>Cahiers antisp\u00e9cistes<\/i> determina la scelta dei testi; in funzione di questo progetto sono pubblicati articoli su temi scelti dalla redazione. Gli autori degli articoli scelti non condividono necessariamente l\u2019orientamento del progetto, di cui sono spiegati qui di seguito alcuni elementi.<\/p>\n<p>Per noi, l\u2019antispecismo si inscrive in una tradizione laica. Non vediamo l\u2019essere umano come il parto di un atto divino di creazione privilegiata; nessuna differenza ontologica fondamentale pu\u00f2 essere legata alla nozione di specie.<\/p>\n<p>Come l\u2019etica non consiste nell\u2019obbedire alla volont\u00e0 di un dio, cos\u00ec essa non deve essere schiava di un rispetto della \u00abnatura\u00bb. I <i>Cahiers antisp\u00e9cistes<\/i> stabiliscono la necessit\u00e0 di una rottura con il pensiero ecologista. Rifiutiamo in particolare di confondere l\u2019idea di uguaglianza animale con quella di difesa della natura o delle specie. La sofferenza di ognuno delle centinaia di milioni di polli di batteria ha altrettanta importanza di quella dell\u2019ultima delle balenottere azzurre.<\/p>\n<p>Ci basiamo in gran parte sullo sviluppo di un\u2019etica utilitarista. L\u2019utilitarismo pu\u00f2 essere definito come un edonismo altruista, che vede come valore fondamentale il piacere, la felicit\u00e0 e la soddisfazione degli individui. Non \u00e8 in nome di un qualsivoglia ascetismo o volont\u00e0 di purezza personale che sosteniamo il veganismo, ma in nome del rispetto degli interessi altrui, in particolar modo di quelli degli animali non umani.<\/p>\n<p>Riconosciamo tuttavia l\u2019importanza di altri apporti teorici, in particolar modo della teoria dei diritti.<\/p>\n<p>Pensiamo che la lotta contro lo specismo si inscriva naturalmente nel contesto progressista delle lotte per l\u2019uguaglianza. Essa implica di rimettere radicalmente in questione i meccanismi del disprezzo e dell\u2019oppressione, sia che le loro vittime siano umane sia che siano non umane.<\/p>\n<p>La lotta contro lo specismo implica una rivoluzione culturale profonda, che colpisce un gran numero di campi del pensiero e delle pratiche umane. Desideriamo incoraggiare lo sviluppo di questa rivoluzione in tutti i campi possibili.<\/p>\n<h2>La redazione<\/h2>\n<p>Al giugno 2008, la redazione \u00e8 composta da Antonin Chiswick, Antoine Comiti, Estiva Reus e Brigitte Gothi\u00e8re.<\/p>\n<p>I <i>Cahiers antisp\u00e9cistes<\/i> sono una rivista indipendente da ogni associazione ed organizzazione, compresa la lobby ortofrutticola.<\/p>\n<p>David Olivier \u00e8 il webmaster (Monsieur<strong>(_A_)<\/strong>David.Olivier.name, remplacer <strong>(_A_)<\/strong> par @).<\/p>\n<h2>Riproduzione<\/h2>\n<p>La diffusione dei testi \u00e8 caldamente raccomandata, a condizione che il contenuto non sia deformato e che la fonte venga citata.<\/p>\n<p>Tuttavia, non possiamo autorizzare la libera pubblicazione di tutti i testi della rivista, i cui diritti potrebbero appartenere a terzi. Nell\u2019eventualit\u00e0, contattare la redazione.<\/p>\n<h2>Varie<\/h2>\n<p>ISSN&nbsp;: 1162-2709.<\/p>\n<p>Titolo d\u2019origine&nbsp;: <i>Les Cahiers antisp\u00e9cistes lyonnais<\/i>.<\/p>\n<p>Indirizzo: c\/o Gothi\u00e8re, 19 rue de la Ch\u00e8vre, 57000 Metz, France.<\/p>\n<p>Email: redac<strong>(_A_)<\/strong>cahiers-antispecistes.org, remplacer <strong>(_A_)<\/strong> par @<\/p>\n<\/div>\n<div class=\"wp-socializer wpsr-share-icons \" data-lg-action=\"show\" data-sm-action=\"show\" data-sm-width=\"768\" ><h3>Share and Enjoy !<\/h3><div class=\"wpsr-si-inner\"><div class=\"wpsr-counter wpsrc-sz-32px\" style=\"color:#000\"><span class=\"scount\"><span data-wpsrs=\"\" data-wpsrs-svcs=\"facebook,twitter,linkedin,pinterest,print,pdf\">0<\/span><\/span><small class=\"stext\">Shares<\/small><\/div><div class=\"socializer sr-popup sr-32px sr-circle sr-opacity sr-pad sr-count-1 sr-count-1\"><span class=\"sr-facebook\"><a rel=\"nofollow\" href=\"https:\/\/www.facebook.com\/share.php?u=\" target=\"_blank\"  title=\"Share this on Facebook\"  style=\"color: #ffffff\" ><i class=\"fab fa-facebook-f\"><\/i><span class=\"ctext\"><span data-wpsrs=\"\" data-wpsrs-svcs=\"facebook\">0<\/span><\/span><\/a><\/span>\n<span class=\"sr-twitter\"><a rel=\"nofollow\" href=\"https:\/\/twitter.com\/intent\/tweet?text=%20-%20%20\" target=\"_blank\"  title=\"Tweet this !\"  style=\"color: #ffffff\" ><i class=\"fab fa-twitter\"><\/i><\/a><\/span>\n<span class=\"sr-linkedin\"><a rel=\"nofollow\" href=\"https:\/\/www.linkedin.com\/sharing\/share-offsite\/?url=\" target=\"_blank\"  title=\"Add this to LinkedIn\"  style=\"color: #ffffff\" ><i class=\"fab fa-linkedin-in\"><\/i><\/a><\/span>\n<span class=\"sr-pinterest\"><a rel=\"nofollow\" href=\"https:\/\/www.pinterest.com\/pin\/create\/button\/?url=&amp;media=&amp;description=\" target=\"_blank\"  title=\"Submit this to Pinterest\"  style=\"color: #ffffff\" data-pin-custom=\"true\"><i class=\"fab fa-pinterest\"><\/i><span class=\"ctext\"><span data-wpsrs=\"\" data-wpsrs-svcs=\"pinterest\">0<\/span><\/span><\/a><\/span>\n<span class=\"sr-print\"><a rel=\"nofollow\" href=\"https:\/\/www.printfriendly.com\/print?url=\" target=\"_blank\"  title=\"Print this article \"  style=\"color: #ffffff\" ><i class=\"fa fa-print\"><\/i><\/a><\/span>\n<span class=\"sr-pdf\"><a rel=\"nofollow\" href=\"https:\/\/www.printfriendly.com\/print?url=\" target=\"_blank\"  title=\"Convert to PDF\"  style=\"color: #ffffff\" ><i class=\"fa fa-file-pdf\"><\/i><\/a><\/span><\/div><\/div><\/div>","protected":false},"excerpt":{"rendered":"<p>I Cahiers antisp\u00e9cistes sono una rivista fondata nel 1991, il cui scopo \u00e8 mettere in discussione lo specismo ed esplorare le implicazioni scientifiche, culturali e politiche di questa impresa. I Cahiers antisp\u00e9cistes propongono in particolare: articoli di filosofia morale che rendono conto di una molteplicit\u00e0 di approcci teorici in merito alla questione animale; analisi dello [&hellip;]<\/p>\n","protected":false},"author":48,"featured_media":0,"parent":0,"menu_order":0,"comment_status":"closed","ping_status":"closed","template":"","meta":[],"yoast_head":"<!-- This site is optimized with the Yoast SEO plugin v14.9 - https:\/\/yoast.com\/wordpress\/plugins\/seo\/ -->\n<title>Presentazione della rivista - Les Cahiers antisp\u00e9cistes<\/title>\n<meta name=\"robots\" content=\"index, follow, max-snippet:-1, max-image-preview:large, max-video-preview:-1\" \/>\n<link rel=\"canonical\" href=\"https:\/\/www.cahiers-antispecistes.org\/it\/presentazione-della-rivista\/\" \/>\n<meta property=\"og:locale\" content=\"it_IT\" \/>\n<meta property=\"og:type\" content=\"article\" \/>\n<meta property=\"og:title\" content=\"Presentazione della rivista - Les Cahiers antisp\u00e9cistes\" \/>\n<meta property=\"og:description\" content=\"I Cahiers antisp\u00e9cistes sono una rivista fondata nel 1991, il cui scopo \u00e8 mettere in discussione lo specismo ed esplorare le implicazioni scientifiche, culturali e politiche di questa impresa. I Cahiers antisp\u00e9cistes propongono in particolare: articoli di filosofia morale che rendono conto di una molteplicit\u00e0 di approcci teorici in merito alla questione animale; analisi dello [&hellip;]\" \/>\n<meta property=\"og:url\" content=\"https:\/\/www.cahiers-antispecistes.org\/it\/presentazione-della-rivista\/\" \/>\n<meta property=\"og:site_name\" content=\"Les Cahiers antisp\u00e9cistes\" \/>\n<meta name=\"twitter:card\" content=\"summary_large_image\" \/>\n<script type=\"application\/ld+json\" class=\"yoast-schema-graph\">{\"@context\":\"https:\/\/schema.org\",\"@graph\":[{\"@type\":\"WebSite\",\"@id\":\"https:\/\/www.cahiers-antispecistes.org\/it\/#website\",\"url\":\"https:\/\/www.cahiers-antispecistes.org\/it\/\",\"name\":\"Les Cahiers antisp\\u00e9cistes\",\"description\":\"R\\u00e9flexion et action pour l&#039;\\u00e9galit\\u00e9 animale\",\"potentialAction\":[{\"@type\":\"SearchAction\",\"target\":\"https:\/\/www.cahiers-antispecistes.org\/it\/?s={search_term_string}\",\"query-input\":\"required name=search_term_string\"}],\"inLanguage\":\"it-IT\"},{\"@type\":\"WebPage\",\"@id\":\"https:\/\/www.cahiers-antispecistes.org\/it\/presentazione-della-rivista\/#webpage\",\"url\":\"https:\/\/www.cahiers-antispecistes.org\/it\/presentazione-della-rivista\/\",\"name\":\"Presentazione della rivista - Les Cahiers antisp\\u00e9cistes\",\"isPartOf\":{\"@id\":\"https:\/\/www.cahiers-antispecistes.org\/it\/#website\"},\"datePublished\":\"2016-04-26T13:45:24+00:00\",\"dateModified\":\"2016-04-26T13:45:24+00:00\",\"inLanguage\":\"it-IT\",\"potentialAction\":[{\"@type\":\"ReadAction\",\"target\":[\"https:\/\/www.cahiers-antispecistes.org\/it\/presentazione-della-rivista\/\"]}]}]}<\/script>\n<!-- \/ Yoast SEO plugin. -->","_links":{"self":[{"href":"https:\/\/www.cahiers-antispecistes.org\/it\/wp-json\/wp\/v2\/pages\/752\/"}],"collection":[{"href":"https:\/\/www.cahiers-antispecistes.org\/it\/wp-json\/wp\/v2\/pages\/"}],"about":[{"href":"https:\/\/www.cahiers-antispecistes.org\/it\/wp-json\/wp\/v2\/types\/page\/"}],"author":[{"embeddable":true,"href":"https:\/\/www.cahiers-antispecistes.org\/it\/wp-json\/wp\/v2\/users\/48\/"}],"replies":[{"embeddable":true,"href":"https:\/\/www.cahiers-antispecistes.org\/it\/wp-json\/wp\/v2\/comments\/?post=752"}],"version-history":[{"count":1,"href":"https:\/\/www.cahiers-antispecistes.org\/it\/wp-json\/wp\/v2\/pages\/752\/revisions\/"}],"predecessor-version":[{"id":753,"href":"https:\/\/www.cahiers-antispecistes.org\/it\/wp-json\/wp\/v2\/pages\/752\/revisions\/753\/"}],"wp:attachment":[{"href":"https:\/\/www.cahiers-antispecistes.org\/it\/wp-json\/wp\/v2\/media\/?parent=752"}],"curies":[{"name":"wp","href":"https:\/\/api.w.org\/{rel}","templated":true}]}}